{"id":436,"date":"2024-03-24T02:14:25","date_gmt":"2024-03-24T02:14:25","guid":{"rendered":"https:\/\/agenciaquimera.co\/servicios\/desarrollo-de-aplicaciones\/"},"modified":"2024-05-02T05:28:30","modified_gmt":"2024-05-02T05:28:30","slug":"desarrollo-de-aplicaciones","status":"publish","type":"page","link":"https:\/\/agenciaquimera.co\/es\/servicios\/desarrollo-de-aplicaciones\/","title":{"rendered":"Desarrollo de aplicaciones"},"content":{"rendered":"\t\t<div data-elementor-type=\"wp-page\" data-elementor-id=\"436\" class=\"elementor elementor-436 elementor-301\" data-elementor-post-type=\"page\">\n\t\t\t\t<div class=\"elementor-element elementor-element-7a38c113 e-flex e-con-boxed e-con e-parent\" data-id=\"7a38c113\" data-element_type=\"container\" data-settings=\"{&quot;background_background&quot;:&quot;classic&quot;}\">\n\t\t\t\t\t<div class=\"e-con-inner\">\n\t\t<div class=\"elementor-element elementor-element-684a5da4 e-con-full e-flex e-con e-child\" data-id=\"684a5da4\" data-element_type=\"container\" data-settings=\"{&quot;background_background&quot;:&quot;classic&quot;}\">\n\t\t\t\t<div class=\"elementor-element elementor-element-28f54ba5 elementor-invisible elementor-widget elementor-widget-heading\" data-id=\"28f54ba5\" data-element_type=\"widget\" data-settings=\"{&quot;_animation&quot;:&quot;fadeInDown&quot;,&quot;_animation_delay&quot;:200}\" data-widget_type=\"heading.default\">\n\t\t\t\t<div class=\"elementor-widget-container\">\n\t\t\t\t\t<h2 class=\"elementor-heading-title elementor-size-default\">Servicio para desarrollo de aplicaciones\n\n<\/h2>\t\t\t\t<\/div>\n\t\t\t\t<\/div>\n\t\t\t\t<div class=\"elementor-element elementor-element-6444673e elementor-invisible elementor-widget elementor-widget-heading\" data-id=\"6444673e\" data-element_type=\"widget\" data-settings=\"{&quot;_animation&quot;:&quot;fadeInUp&quot;,&quot;_animation_delay&quot;:300}\" data-widget_type=\"heading.default\">\n\t\t\t\t<div class=\"elementor-widget-container\">\n\t\t\t\t\t<div class=\"elementor-heading-title elementor-size-default\">Desbloquee todo el potencial de su negocio con nuestros servicios de desarrollo de aplicaciones. Ya sea que necesite una aplicaci\u00f3n m\u00f3vil robusta, una aplicaci\u00f3n web din\u00e1mica o soluciones de software especializadas, nuestro equipo de desarrolladores expertos est\u00e1 aqu\u00ed para hacer realidad su visi\u00f3n. Utilizamos las tecnolog\u00edas m\u00e1s recientes y seguimos un proceso de desarrollo integral para asegurar que su aplicaci\u00f3n no solo sea funcional, sino tambi\u00e9n innovadora y f\u00e1cil de usar.<\/div>\t\t\t\t<\/div>\n\t\t\t\t<\/div>\n\t\t\t\t<div class=\"elementor-element elementor-element-428a6c12 elementor-widget elementor-widget-button\" data-id=\"428a6c12\" data-element_type=\"widget\" data-widget_type=\"button.default\">\n\t\t\t\t<div class=\"elementor-widget-container\">\n\t\t\t\t\t\t\t\t\t<div class=\"elementor-button-wrapper\">\n\t\t\t\t\t<a class=\"elementor-button elementor-button-link elementor-size-sm\" href=\"https:\/\/agenciaquimera.co\/es\/contactenos\/\">\n\t\t\t\t\t\t<span class=\"elementor-button-content-wrapper\">\n\t\t\t\t\t\t\t\t\t<span class=\"elementor-button-text\">Cont\u00e1ctenos<\/span>\n\t\t\t\t\t<\/span>\n\t\t\t\t\t<\/a>\n\t\t\t\t<\/div>\n\t\t\t\t\t\t\t\t<\/div>\n\t\t\t\t<\/div>\n\t\t\t\t<\/div>\n\t\t<div class=\"elementor-element elementor-element-411cee81 e-con-full e-flex e-con e-child\" data-id=\"411cee81\" data-element_type=\"container\">\n\t\t\t\t<div class=\"elementor-element elementor-element-66b33336 elementor-invisible elementor-widget elementor-widget-image\" data-id=\"66b33336\" data-element_type=\"widget\" data-settings=\"{&quot;_animation&quot;:&quot;fadeInRight&quot;}\" data-widget_type=\"image.default\">\n\t\t\t\t<div class=\"elementor-widget-container\">\n\t\t\t\t\t\t\t\t\t\t\t\t\t\t\t<img fetchpriority=\"high\" decoding=\"async\" width=\"1080\" height=\"1080\" src=\"https:\/\/agenciaquimera.co\/wp-content\/uploads\/2024\/04\/app-dev.png\" class=\"attachment-full size-full wp-image-476\" alt=\"\" srcset=\"https:\/\/agenciaquimera.co\/wp-content\/uploads\/2024\/04\/app-dev.png 1080w, https:\/\/agenciaquimera.co\/wp-content\/uploads\/2024\/04\/app-dev-300x300.png 300w, https:\/\/agenciaquimera.co\/wp-content\/uploads\/2024\/04\/app-dev-1024x1024.png 1024w, https:\/\/agenciaquimera.co\/wp-content\/uploads\/2024\/04\/app-dev-150x150.png 150w, https:\/\/agenciaquimera.co\/wp-content\/uploads\/2024\/04\/app-dev-768x768.png 768w\" sizes=\"(max-width: 1080px) 100vw, 1080px\" \/>\t\t\t\t\t\t\t\t\t\t\t\t\t\t\t<\/div>\n\t\t\t\t<\/div>\n\t\t\t\t<\/div>\n\t\t\t\t\t<\/div>\n\t\t\t\t<\/div>\n\t\t<div class=\"elementor-element elementor-element-2ea809e e-flex e-con-boxed e-con e-parent\" data-id=\"2ea809e\" data-element_type=\"container\">\n\t\t\t\t\t<div class=\"e-con-inner\">\n\t\t<div class=\"elementor-element elementor-element-2ea08a58 e-con-full e-flex e-con e-child\" data-id=\"2ea08a58\" data-element_type=\"container\">\n\t\t\t\t<div class=\"elementor-element elementor-element-2a9769b1 elementor-widget elementor-widget-heading\" data-id=\"2a9769b1\" data-element_type=\"widget\" data-widget_type=\"heading.default\">\n\t\t\t\t<div class=\"elementor-widget-container\">\n\t\t\t\t\t<h3 class=\"elementor-heading-title elementor-size-default\">Descripci\u00f3n<\/h3>\t\t\t\t<\/div>\n\t\t\t\t<\/div>\n\t\t\t\t<div class=\"elementor-element elementor-element-470df9be elementor-widget elementor-widget-text-editor\" data-id=\"470df9be\" data-element_type=\"widget\" data-widget_type=\"text-editor.default\">\n\t\t\t\t<div class=\"elementor-widget-container\">\n\t\t\t\t\t\t\t\t\t<p>Desde el concepto inicial hasta la implementaci\u00f3n final, colaboramos estrechamente con usted para crear aplicaciones que se adapten a las necesidades espec\u00edficas de su negocio. Nuestros servicios incluyen desarrollo de aplicaciones m\u00f3viles (iOS y Android), desarrollo de aplicaciones web y soluciones de software personalizado, todos dise\u00f1ados para mejorar su eficiencia operativa y el compromiso con sus clientes.<\/p>\n\t\t\t\t\t\t\t\t<\/div>\n\t\t\t\t<\/div>\n\t\t\t\t<div class=\"elementor-element elementor-element-741fa63d elementor-widget elementor-widget-text-editor\" data-id=\"741fa63d\" data-element_type=\"widget\" data-widget_type=\"text-editor.default\">\n\t\t\t\t<div class=\"elementor-widget-container\">\n\t\t\t\t\t\t\t\t\t<p>Cont\u00e1ctenos hoy para discutir su proyecto y descubrir c\u00f3mo podemos ayudarlo a lograr resultados.<\/p>\n\t\t\t\t\t\t\t\t<\/div>\n\t\t\t\t<\/div>\n\t\t<div class=\"elementor-element elementor-element-6b8fcce7 e-flex e-con-boxed e-con e-child\" data-id=\"6b8fcce7\" data-element_type=\"container\">\n\t\t\t\t\t<div class=\"e-con-inner\">\n\t\t\t\t<div class=\"elementor-element elementor-element-453c2659 elementor-widget__width-initial elementor-widget-tablet__width-inherit elementor-icon-list--layout-traditional elementor-list-item-link-full_width elementor-widget elementor-widget-icon-list\" data-id=\"453c2659\" data-element_type=\"widget\" data-widget_type=\"icon-list.default\">\n\t\t\t\t<div class=\"elementor-widget-container\">\n\t\t\t\t\t\t\t<ul class=\"elementor-icon-list-items\">\n\t\t\t\t\t\t\t<li class=\"elementor-icon-list-item\">\n\t\t\t\t\t\t\t\t\t\t<span class=\"elementor-icon-list-text\"><b>Tecnolog\u00eda avanzada:<\/b> Utilizamos las \u00faltimas tecnolog\u00edas y marcos de desarrollo, incluidos React, Angular, Node.js, Swift y Kotlin, para desarrollar aplicaciones que no solo cumplan con las expectativas modernas sino que tambi\u00e9n est\u00e9n preparadas para el futuro.<\/span>\n\t\t\t\t\t\t\t\t\t<\/li>\n\t\t\t\t\t\t\t\t<li class=\"elementor-icon-list-item\">\n\t\t\t\t\t\t\t\t\t\t<span class=\"elementor-icon-list-text\"><b>Desarrollo Cross-Platform<\/b> Proporcionamos soluciones tanto para aplicaciones m\u00f3viles (iOS y Android) como web, garantizando una experiencia fluida y consistente en todas las plataformas y dispositivos.<\/span>\n\t\t\t\t\t\t\t\t\t<\/li>\n\t\t\t\t\t\t\t\t<li class=\"elementor-icon-list-item\">\n\t\t\t\t\t\t\t\t\t\t<span class=\"elementor-icon-list-text\"><b>Dise\u00f1o centrado en el usuario:<\/b> Nuestro enfoque de dise\u00f1o UX\/UI garantiza que cada aplicaci\u00f3n sea intuitiva, atractiva y f\u00e1cil de usar, mejorando la interacci\u00f3n del usuario y la satisfacci\u00f3n del cliente.<\/span>\n\t\t\t\t\t\t\t\t\t<\/li>\n\t\t\t\t\t\t\t\t<li class=\"elementor-icon-list-item\">\n\t\t\t\t\t\t\t\t\t\t<span class=\"elementor-icon-list-text\"><b>Proceso de Desarrollo \u00c1gil<\/b>: Adoptamos metodolog\u00edas \u00e1giles para el desarrollo de aplicaciones, lo que nos permite ser flexibles y responder r\u00e1pidamente a cambios o nuevos requisitos durante el ciclo de desarrollo.<\/span>\n\t\t\t\t\t\t\t\t\t<\/li>\n\t\t\t\t\t\t<\/ul>\n\t\t\t\t\t\t<\/div>\n\t\t\t\t<\/div>\n\t\t\t\t<div class=\"elementor-element elementor-element-4791d2d3 elementor-widget__width-initial elementor-widget-tablet__width-inherit elementor-align-left elementor-icon-list--layout-traditional elementor-list-item-link-full_width elementor-widget elementor-widget-icon-list\" data-id=\"4791d2d3\" data-element_type=\"widget\" data-widget_type=\"icon-list.default\">\n\t\t\t\t<div class=\"elementor-widget-container\">\n\t\t\t\t\t\t\t<ul class=\"elementor-icon-list-items\">\n\t\t\t\t\t\t\t<li class=\"elementor-icon-list-item\">\n\t\t\t\t\t\t\t\t\t\t<span class=\"elementor-icon-list-text\"><b>Pruebas y garant\u00eda de calidad:<\/b> Realizamos pruebas exhaustivas, incluidas pruebas de funcionalidad, rendimiento y seguridad, para garantizar que la aplicaci\u00f3n sea s\u00f3lida, segura y est\u00e9 libre de defectos.<\/span>\n\t\t\t\t\t\t\t\t\t<\/li>\n\t\t\t\t\t\t\t\t<li class=\"elementor-icon-list-item\">\n\t\t\t\t\t\t\t\t\t\t<span class=\"elementor-icon-list-text\"><b>Integraci\u00f3n y Automatizaci\u00f3n:<\/b> Facilitamos la integraci\u00f3n de aplicaciones con sistemas existentes y apoyamos la automatizaci\u00f3n de procesos de su negocio para mejorar la eficiencia operativa.<\/span>\n\t\t\t\t\t\t\t\t\t<\/li>\n\t\t\t\t\t\t\t\t<li class=\"elementor-icon-list-item\">\n\t\t\t\t\t\t\t\t\t\t<span class=\"elementor-icon-list-text\"><b>Soporte y mantenimiento: <\/b> ofrecemos servicios de mantenimiento y soporte continuos para garantizar que las aplicaciones contin\u00faen funcionando de manera \u00f3ptima y se actualicen peri\u00f3dicamente con las \u00faltimas funciones y parches de seguridad.<\/span>\n\t\t\t\t\t\t\t\t\t<\/li>\n\t\t\t\t\t\t\t\t<li class=\"elementor-icon-list-item\">\n\t\t\t\t\t\t\t\t\t\t<span class=\"elementor-icon-list-text\"><b>Personalizaci\u00f3n completa:<\/b> entendiendo que cada negocio es \u00fanico, ofrecemos servicios totalmente personalizados para desarrollar soluciones que se adapten perfectamente a sus necesidades espec\u00edficas.<\/span>\n\t\t\t\t\t\t\t\t\t<\/li>\n\t\t\t\t\t\t<\/ul>\n\t\t\t\t\t\t<\/div>\n\t\t\t\t<\/div>\n\t\t\t\t\t<\/div>\n\t\t\t\t<\/div>\n\t\t\t\t<\/div>\n\t\t<div class=\"elementor-element elementor-element-72bac3aa e-con-full e-flex e-con e-child\" data-id=\"72bac3aa\" data-element_type=\"container\">\n\t\t<div class=\"elementor-element elementor-element-1117ad0b e-flex e-con-boxed e-con e-child\" data-id=\"1117ad0b\" data-element_type=\"container\" data-settings=\"{&quot;background_background&quot;:&quot;gradient&quot;}\">\n\t\t\t\t\t<div class=\"e-con-inner\">\n\t\t\t\t<div class=\"elementor-element elementor-element-69747790 elementor-widget elementor-widget-heading\" data-id=\"69747790\" data-element_type=\"widget\" data-widget_type=\"heading.default\">\n\t\t\t\t<div class=\"elementor-widget-container\">\n\t\t\t\t\t<h3 class=\"elementor-heading-title elementor-size-default\">Caracter\u00edsticas<\/h3>\t\t\t\t<\/div>\n\t\t\t\t<\/div>\n\t\t\t\t<div class=\"elementor-element elementor-element-5370aff9 elementor-icon-list--layout-traditional elementor-list-item-link-full_width elementor-widget elementor-widget-icon-list\" data-id=\"5370aff9\" data-element_type=\"widget\" data-widget_type=\"icon-list.default\">\n\t\t\t\t<div class=\"elementor-widget-container\">\n\t\t\t\t\t\t\t<ul class=\"elementor-icon-list-items\">\n\t\t\t\t\t\t\t<li class=\"elementor-icon-list-item\">\n\t\t\t\t\t\t\t\t\t\t\t<span class=\"elementor-icon-list-icon\">\n\t\t\t\t\t\t\t<i aria-hidden=\"true\" class=\"icon icon-Design-3\"><\/i>\t\t\t\t\t\t<\/span>\n\t\t\t\t\t\t\t\t\t\t<span class=\"elementor-icon-list-text\">UI\/UX Interfaces amigables<\/span>\n\t\t\t\t\t\t\t\t\t<\/li>\n\t\t\t\t\t\t\t\t<li class=\"elementor-icon-list-item\">\n\t\t\t\t\t\t\t\t\t\t\t<span class=\"elementor-icon-list-icon\">\n\t\t\t\t\t\t\t<i aria-hidden=\"true\" class=\"icon icon-target-2\"><\/i>\t\t\t\t\t\t<\/span>\n\t\t\t\t\t\t\t\t\t\t<span class=\"elementor-icon-list-text\">Desarrollo centrado<\/span>\n\t\t\t\t\t\t\t\t\t<\/li>\n\t\t\t\t\t\t\t\t<li class=\"elementor-icon-list-item\">\n\t\t\t\t\t\t\t\t\t\t\t<span class=\"elementor-icon-list-icon\">\n\t\t\t\t\t\t\t<i aria-hidden=\"true\" class=\"icon icon-shield11\"><\/i>\t\t\t\t\t\t<\/span>\n\t\t\t\t\t\t\t\t\t\t<span class=\"elementor-icon-list-text\">Apps seguras<\/span>\n\t\t\t\t\t\t\t\t\t<\/li>\n\t\t\t\t\t\t\t\t<li class=\"elementor-icon-list-item\">\n\t\t\t\t\t\t\t\t\t\t\t<span class=\"elementor-icon-list-icon\">\n\t\t\t\t\t\t\t<i aria-hidden=\"true\" class=\"icon icon-Computer\"><\/i>\t\t\t\t\t\t<\/span>\n\t\t\t\t\t\t\t\t\t\t<span class=\"elementor-icon-list-text\">Flujo de usuario correcto<\/span>\n\t\t\t\t\t\t\t\t\t<\/li>\n\t\t\t\t\t\t\t\t<li class=\"elementor-icon-list-item\">\n\t\t\t\t\t\t\t\t\t\t\t<span class=\"elementor-icon-list-icon\">\n\t\t\t\t\t\t\t<i aria-hidden=\"true\" class=\"icon icon-pen_shape\"><\/i>\t\t\t\t\t\t<\/span>\n\t\t\t\t\t\t\t\t\t\t<span class=\"elementor-icon-list-text\">Dise\u00f1o din\u00e1mico y escalable<\/span>\n\t\t\t\t\t\t\t\t\t<\/li>\n\t\t\t\t\t\t<\/ul>\n\t\t\t\t\t\t<\/div>\n\t\t\t\t<\/div>\n\t\t\t\t\t<\/div>\n\t\t\t\t<\/div>\n\t\t\t\t<\/div>\n\t\t\t\t\t<\/div>\n\t\t\t\t<\/div>\n\t\t<div class=\"elementor-element elementor-element-f573f12 e-flex e-con-boxed e-con e-parent\" data-id=\"f573f12\" data-element_type=\"container\">\n\t\t\t\t\t<div class=\"e-con-inner\">\n\t\t<div class=\"elementor-element elementor-element-a9acfea e-flex e-con-boxed e-con e-child\" data-id=\"a9acfea\" data-element_type=\"container\" data-settings=\"{&quot;background_background&quot;:&quot;classic&quot;}\">\n\t\t\t\t\t<div class=\"e-con-inner\">\n\t\t<div class=\"elementor-element elementor-element-b8b275c e-flex e-con-boxed elementor-invisible e-con e-child\" data-id=\"b8b275c\" data-element_type=\"container\" data-settings=\"{&quot;animation&quot;:&quot;fadeInUp&quot;}\">\n\t\t\t\t\t<div class=\"e-con-inner\">\n\t\t\t\t<div class=\"elementor-element elementor-element-befbd35 elementor-widget elementor-widget-heading\" data-id=\"befbd35\" data-element_type=\"widget\" data-widget_type=\"heading.default\">\n\t\t\t\t<div class=\"elementor-widget-container\">\n\t\t\t\t\t<h2 class=\"elementor-heading-title elementor-size-default\">\u00danase a empresas l\u00edderes que elevan sus ambiciones con nuestras soluciones innovadoras.<\/h2>\t\t\t\t<\/div>\n\t\t\t\t<\/div>\n\t\t\t\t\t<\/div>\n\t\t\t\t<\/div>\n\t\t<div class=\"elementor-element elementor-element-3f3abc7 e-flex e-con-boxed e-con e-child\" data-id=\"3f3abc7\" data-element_type=\"container\">\n\t\t\t\t\t<div class=\"e-con-inner\">\n\t\t\t\t<div class=\"elementor-element elementor-element-5650c1a elementor-widget__width-initial elementor-widget elementor-widget-image\" data-id=\"5650c1a\" data-element_type=\"widget\" data-widget_type=\"image.default\">\n\t\t\t\t<div class=\"elementor-widget-container\">\n\t\t\t\t\t\t\t\t\t\t\t\t\t\t\t<img decoding=\"async\" width=\"500\" height=\"168\" src=\"https:\/\/agenciaquimera.co\/wp-content\/uploads\/2024\/02\/LAMERKAlogo.png\" class=\"attachment-full size-full wp-image-202\" alt=\"\" srcset=\"https:\/\/agenciaquimera.co\/wp-content\/uploads\/2024\/02\/LAMERKAlogo.png 500w, https:\/\/agenciaquimera.co\/wp-content\/uploads\/2024\/02\/LAMERKAlogo-300x101.png 300w\" sizes=\"(max-width: 500px) 100vw, 500px\" \/>\t\t\t\t\t\t\t\t\t\t\t\t\t\t\t<\/div>\n\t\t\t\t<\/div>\n\t\t\t\t<div class=\"elementor-element elementor-element-a268f99 elementor-widget__width-initial elementor-widget elementor-widget-image\" data-id=\"a268f99\" data-element_type=\"widget\" data-widget_type=\"image.default\">\n\t\t\t\t<div class=\"elementor-widget-container\">\n\t\t\t\t\t\t\t\t\t\t\t\t\t\t\t<img decoding=\"async\" width=\"600\" height=\"148\" src=\"https:\/\/agenciaquimera.co\/wp-content\/uploads\/2024\/02\/LOGO-BRANDRON.png\" class=\"attachment-full size-full wp-image-205\" alt=\"\" srcset=\"https:\/\/agenciaquimera.co\/wp-content\/uploads\/2024\/02\/LOGO-BRANDRON.png 600w, https:\/\/agenciaquimera.co\/wp-content\/uploads\/2024\/02\/LOGO-BRANDRON-300x74.png 300w\" sizes=\"(max-width: 600px) 100vw, 600px\" \/>\t\t\t\t\t\t\t\t\t\t\t\t\t\t\t<\/div>\n\t\t\t\t<\/div>\n\t\t\t\t<div class=\"elementor-element elementor-element-9b3540d elementor-widget__width-initial elementor-widget elementor-widget-image\" data-id=\"9b3540d\" data-element_type=\"widget\" data-widget_type=\"image.default\">\n\t\t\t\t<div class=\"elementor-widget-container\">\n\t\t\t\t\t\t\t\t\t\t\t\t\t\t\t<img loading=\"lazy\" decoding=\"async\" width=\"800\" height=\"55\" src=\"https:\/\/agenciaquimera.co\/wp-content\/uploads\/2024\/03\/LOGO-OZ-RECURSOS-2.png\" class=\"attachment-full size-full wp-image-324\" alt=\"\" srcset=\"https:\/\/agenciaquimera.co\/wp-content\/uploads\/2024\/03\/LOGO-OZ-RECURSOS-2.png 800w, https:\/\/agenciaquimera.co\/wp-content\/uploads\/2024\/03\/LOGO-OZ-RECURSOS-2-300x21.png 300w, https:\/\/agenciaquimera.co\/wp-content\/uploads\/2024\/03\/LOGO-OZ-RECURSOS-2-768x53.png 768w\" sizes=\"(max-width: 800px) 100vw, 800px\" \/>\t\t\t\t\t\t\t\t\t\t\t\t\t\t\t<\/div>\n\t\t\t\t<\/div>\n\t\t\t\t<div class=\"elementor-element elementor-element-c8dd0fe elementor-widget__width-initial elementor-widget elementor-widget-image\" data-id=\"c8dd0fe\" data-element_type=\"widget\" data-widget_type=\"image.default\">\n\t\t\t\t<div class=\"elementor-widget-container\">\n\t\t\t\t\t\t\t\t\t\t\t\t\t\t\t<img loading=\"lazy\" decoding=\"async\" width=\"500\" height=\"168\" src=\"https:\/\/agenciaquimera.co\/wp-content\/uploads\/2024\/04\/carreradelsollogo.png\" class=\"attachment-full size-full wp-image-455\" alt=\"\" srcset=\"https:\/\/agenciaquimera.co\/wp-content\/uploads\/2024\/04\/carreradelsollogo.png 500w, https:\/\/agenciaquimera.co\/wp-content\/uploads\/2024\/04\/carreradelsollogo-300x101.png 300w\" sizes=\"(max-width: 500px) 100vw, 500px\" \/>\t\t\t\t\t\t\t\t\t\t\t\t\t\t\t<\/div>\n\t\t\t\t<\/div>\n\t\t\t\t\t<\/div>\n\t\t\t\t<\/div>\n\t\t\t\t\t<\/div>\n\t\t\t\t<\/div>\n\t\t\t\t\t<\/div>\n\t\t\t\t<\/div>\n\t\t\t\t<\/div>\n\t\t","protected":false},"excerpt":{"rendered":"<p>Servicio para desarrollo de aplicaciones Desbloquee todo el potencial de su negocio con nuestros servicios de desarrollo de aplicaciones. Ya sea que necesite una aplicaci\u00f3n m\u00f3vil robusta, una aplicaci\u00f3n web din\u00e1mica o soluciones de software especializadas, nuestro equipo de desarrolladores expertos est\u00e1 aqu\u00ed para hacer realidad su visi\u00f3n. Utilizamos las tecnolog\u00edas m\u00e1s recientes y seguimos [&hellip;]<\/p>\n","protected":false},"author":1,"featured_media":0,"parent":291,"menu_order":0,"comment_status":"closed","ping_status":"closed","template":"","meta":{"footnotes":""},"class_list":["post-436","page","type-page","status-publish","hentry"],"_links":{"self":[{"href":"https:\/\/agenciaquimera.co\/es\/wp-json\/wp\/v2\/pages\/436","targetHints":{"allow":["GET"]}}],"collection":[{"href":"https:\/\/agenciaquimera.co\/es\/wp-json\/wp\/v2\/pages"}],"about":[{"href":"https:\/\/agenciaquimera.co\/es\/wp-json\/wp\/v2\/types\/page"}],"author":[{"embeddable":true,"href":"https:\/\/agenciaquimera.co\/es\/wp-json\/wp\/v2\/users\/1"}],"replies":[{"embeddable":true,"href":"https:\/\/agenciaquimera.co\/es\/wp-json\/wp\/v2\/comments?post=436"}],"version-history":[{"count":2,"href":"https:\/\/agenciaquimera.co\/es\/wp-json\/wp\/v2\/pages\/436\/revisions"}],"predecessor-version":[{"id":523,"href":"https:\/\/agenciaquimera.co\/es\/wp-json\/wp\/v2\/pages\/436\/revisions\/523"}],"up":[{"embeddable":true,"href":"https:\/\/agenciaquimera.co\/es\/wp-json\/wp\/v2\/pages\/291"}],"wp:attachment":[{"href":"https:\/\/agenciaquimera.co\/es\/wp-json\/wp\/v2\/media?parent=436"}],"curies":[{"name":"wp","href":"https:\/\/api.w.org\/{rel}","templated":true}]}}