{"id":438,"date":"2024-03-24T02:15:23","date_gmt":"2024-03-24T02:15:23","guid":{"rendered":"https:\/\/agenciaquimera.co\/servicios\/servicios-en-la-nube\/"},"modified":"2024-05-08T06:25:35","modified_gmt":"2024-05-08T06:25:35","slug":"servicios-en-la-nube","status":"publish","type":"page","link":"https:\/\/agenciaquimera.co\/es\/servicios\/servicios-en-la-nube\/","title":{"rendered":"Servicios en la Nube"},"content":{"rendered":"\t\t<div data-elementor-type=\"wp-page\" data-elementor-id=\"438\" class=\"elementor elementor-438 elementor-307\" data-elementor-post-type=\"page\">\n\t\t\t\t<div class=\"elementor-element elementor-element-41984395 e-flex e-con-boxed e-con e-parent\" data-id=\"41984395\" data-element_type=\"container\" data-settings=\"{&quot;background_background&quot;:&quot;classic&quot;}\">\n\t\t\t\t\t<div class=\"e-con-inner\">\n\t\t<div class=\"elementor-element elementor-element-649666e8 e-flex e-con-boxed e-con e-child\" data-id=\"649666e8\" data-element_type=\"container\" data-settings=\"{&quot;background_background&quot;:&quot;classic&quot;}\">\n\t\t\t\t\t<div class=\"e-con-inner\">\n\t\t\t\t<div class=\"elementor-element elementor-element-27cc241c elementor-invisible elementor-widget elementor-widget-heading\" data-id=\"27cc241c\" data-element_type=\"widget\" data-settings=\"{&quot;_animation&quot;:&quot;fadeInDown&quot;,&quot;_animation_delay&quot;:200}\" data-widget_type=\"heading.default\">\n\t\t\t\t<div class=\"elementor-widget-container\">\n\t\t\t\t\t<h1 class=\"elementor-heading-title elementor-size-default\">Servicios en la nube y soluciones SaaS\n<\/h1>\t\t\t\t<\/div>\n\t\t\t\t<\/div>\n\t\t\t\t<div class=\"elementor-element elementor-element-547f5bf8 elementor-invisible elementor-widget elementor-widget-heading\" data-id=\"547f5bf8\" data-element_type=\"widget\" data-settings=\"{&quot;_animation&quot;:&quot;fadeInUp&quot;,&quot;_animation_delay&quot;:300}\" data-widget_type=\"heading.default\">\n\t\t\t\t<div class=\"elementor-widget-container\">\n\t\t\t\t\t<h4 class=\"elementor-heading-title elementor-size-default\">Optimice las operaciones de su empresa con tecnolog\u00eda en la nube y plataformas SaaS integrales\n\n<\/h4>\t\t\t\t<\/div>\n\t\t\t\t<\/div>\n\t\t\t\t\t<\/div>\n\t\t\t\t<\/div>\n\t\t\t\t\t<\/div>\n\t\t\t\t<\/div>\n\t\t<div class=\"elementor-element elementor-element-48243c01 e-flex e-con-boxed e-con e-parent\" data-id=\"48243c01\" data-element_type=\"container\">\n\t\t\t\t\t<div class=\"e-con-inner\">\n\t\t<div class=\"elementor-element elementor-element-7bec2783 e-con-full e-flex elementor-invisible e-con e-child\" data-id=\"7bec2783\" data-element_type=\"container\" data-settings=\"{&quot;animation&quot;:&quot;fadeInRight&quot;}\">\n\t\t\t\t<div class=\"elementor-element elementor-element-31e47e87 elementor-widget elementor-widget-heading\" data-id=\"31e47e87\" data-element_type=\"widget\" data-widget_type=\"heading.default\">\n\t\t\t\t<div class=\"elementor-widget-container\">\n\t\t\t\t\t<h2 class=\"elementor-heading-title elementor-size-default\">Computaci\u00f3n en la nube y virtualizaci\u00f3n<\/h2>\t\t\t\t<\/div>\n\t\t\t\t<\/div>\n\t\t\t\t<div class=\"elementor-element elementor-element-21269054 elementor-widget elementor-widget-text-editor\" data-id=\"21269054\" data-element_type=\"widget\" data-widget_type=\"text-editor.default\">\n\t\t\t\t<div class=\"elementor-widget-container\">\n\t\t\t\t\t\t\t\t\t<p>Nos especializamos en brindar servicios en la nube de primer nivel que impulsan la eficiencia y la escalabilidad.<\/p>\n\t\t\t\t\t\t\t\t<\/div>\n\t\t\t\t<\/div>\n\t\t\t\t<\/div>\n\t\t<div class=\"elementor-element elementor-element-71e07a78 e-con-full e-flex elementor-invisible e-con e-child\" data-id=\"71e07a78\" data-element_type=\"container\" data-settings=\"{&quot;animation&quot;:&quot;fadeInLeft&quot;}\">\n\t\t\t\t<div class=\"elementor-element elementor-element-6f3e1eda elementor-widget elementor-widget-image\" data-id=\"6f3e1eda\" data-element_type=\"widget\" data-widget_type=\"image.default\">\n\t\t\t\t<div class=\"elementor-widget-container\">\n\t\t\t\t\t\t\t\t\t\t\t\t\t\t\t<img fetchpriority=\"high\" decoding=\"async\" width=\"2000\" height=\"1333\" src=\"https:\/\/agenciaquimera.co\/wp-content\/uploads\/2024\/02\/computer-screens-with-data.jpg\" class=\"attachment-full size-full wp-image-146\" alt=\"\" srcset=\"https:\/\/agenciaquimera.co\/wp-content\/uploads\/2024\/02\/computer-screens-with-data.jpg 2000w, https:\/\/agenciaquimera.co\/wp-content\/uploads\/2024\/02\/computer-screens-with-data-300x200.jpg 300w, https:\/\/agenciaquimera.co\/wp-content\/uploads\/2024\/02\/computer-screens-with-data-1024x682.jpg 1024w, https:\/\/agenciaquimera.co\/wp-content\/uploads\/2024\/02\/computer-screens-with-data-768x512.jpg 768w, https:\/\/agenciaquimera.co\/wp-content\/uploads\/2024\/02\/computer-screens-with-data-1536x1024.jpg 1536w\" sizes=\"(max-width: 2000px) 100vw, 2000px\" \/>\t\t\t\t\t\t\t\t\t\t\t\t\t\t\t<\/div>\n\t\t\t\t<\/div>\n\t\t\t\t<\/div>\n\t\t\t\t\t<\/div>\n\t\t\t\t<\/div>\n\t\t<div class=\"elementor-element elementor-element-8afc088 e-flex e-con-boxed e-con e-parent\" data-id=\"8afc088\" data-element_type=\"container\">\n\t\t\t\t\t<div class=\"e-con-inner\">\n\t\t<div class=\"elementor-element elementor-element-373ece3 e-con-full e-flex elementor-invisible e-con e-child\" data-id=\"373ece3\" data-element_type=\"container\" data-settings=\"{&quot;animation&quot;:&quot;fadeInLeft&quot;}\">\n\t\t\t\t<div class=\"elementor-element elementor-element-5da6ef2 elementor-widget elementor-widget-image\" data-id=\"5da6ef2\" data-element_type=\"widget\" data-widget_type=\"image.default\">\n\t\t\t\t<div class=\"elementor-widget-container\">\n\t\t\t\t\t\t\t\t\t\t\t\t\t\t\t<img decoding=\"async\" width=\"800\" height=\"533\" src=\"https:\/\/agenciaquimera.co\/wp-content\/uploads\/2024\/05\/web-hosting-agenciaquimeraco.jpg\" class=\"attachment-full size-full wp-image-556\" alt=\"\" srcset=\"https:\/\/agenciaquimera.co\/wp-content\/uploads\/2024\/05\/web-hosting-agenciaquimeraco.jpg 800w, https:\/\/agenciaquimera.co\/wp-content\/uploads\/2024\/05\/web-hosting-agenciaquimeraco-300x200.jpg 300w, https:\/\/agenciaquimera.co\/wp-content\/uploads\/2024\/05\/web-hosting-agenciaquimeraco-768x512.jpg 768w\" sizes=\"(max-width: 800px) 100vw, 800px\" \/>\t\t\t\t\t\t\t\t\t\t\t\t\t\t\t<\/div>\n\t\t\t\t<\/div>\n\t\t\t\t<\/div>\n\t\t<div class=\"elementor-element elementor-element-ea54cf4 e-con-full e-flex elementor-invisible e-con e-child\" data-id=\"ea54cf4\" data-element_type=\"container\" data-settings=\"{&quot;animation&quot;:&quot;fadeInRight&quot;}\">\n\t\t\t\t<div class=\"elementor-element elementor-element-d7cf0b6 elementor-widget elementor-widget-heading\" data-id=\"d7cf0b6\" data-element_type=\"widget\" data-widget_type=\"heading.default\">\n\t\t\t\t<div class=\"elementor-widget-container\">\n\t\t\t\t\t<h2 class=\"elementor-heading-title elementor-size-default\">Nuestras soluciones en la nube permiten a las empresas aprovechar todo su potencial, reduciendo los gastos generales, mejorando la flexibilidad operativa y automatizando procesos. <\/h2>\t\t\t\t<\/div>\n\t\t\t\t<\/div>\n\t\t\t\t<\/div>\n\t\t\t\t\t<\/div>\n\t\t\t\t<\/div>\n\t\t<div class=\"elementor-element elementor-element-4a0b79f e-flex e-con-boxed e-con e-parent\" data-id=\"4a0b79f\" data-element_type=\"container\">\n\t\t\t\t\t<div class=\"e-con-inner\">\n\t\t<div class=\"elementor-element elementor-element-9534eae e-con-full e-flex elementor-invisible e-con e-child\" data-id=\"9534eae\" data-element_type=\"container\" data-settings=\"{&quot;animation&quot;:&quot;fadeInRight&quot;}\">\n\t\t\t\t<div class=\"elementor-element elementor-element-9dcf2a8 elementor-widget elementor-widget-heading\" data-id=\"9dcf2a8\" data-element_type=\"widget\" data-widget_type=\"heading.default\">\n\t\t\t\t<div class=\"elementor-widget-container\">\n\t\t\t\t\t<h2 class=\"elementor-heading-title elementor-size-default\">Proporcionamos aplicaciones SaaS end-to-end adaptadas a las necesidades de su negocio, garantizando una integraci\u00f3n perfecta, m\u00e1xima seguridad y actualizaciones continuas.<\/h2>\t\t\t\t<\/div>\n\t\t\t\t<\/div>\n\t\t\t\t<\/div>\n\t\t<div class=\"elementor-element elementor-element-c92824a e-con-full e-flex elementor-invisible e-con e-child\" data-id=\"c92824a\" data-element_type=\"container\" data-settings=\"{&quot;animation&quot;:&quot;fadeInLeft&quot;}\">\n\t\t\t\t<div class=\"elementor-element elementor-element-0b38698 elementor-widget elementor-widget-image\" data-id=\"0b38698\" data-element_type=\"widget\" data-widget_type=\"image.default\">\n\t\t\t\t<div class=\"elementor-widget-container\">\n\t\t\t\t\t\t\t\t\t\t\t\t\t\t\t<img decoding=\"async\" width=\"800\" height=\"533\" src=\"https:\/\/agenciaquimera.co\/wp-content\/uploads\/2024\/05\/responsive-agenciaquimeraco.png\" class=\"attachment-full size-full wp-image-580\" alt=\"\" srcset=\"https:\/\/agenciaquimera.co\/wp-content\/uploads\/2024\/05\/responsive-agenciaquimeraco.png 800w, https:\/\/agenciaquimera.co\/wp-content\/uploads\/2024\/05\/responsive-agenciaquimeraco-300x200.png 300w, https:\/\/agenciaquimera.co\/wp-content\/uploads\/2024\/05\/responsive-agenciaquimeraco-768x512.png 768w\" sizes=\"(max-width: 800px) 100vw, 800px\" \/>\t\t\t\t\t\t\t\t\t\t\t\t\t\t\t<\/div>\n\t\t\t\t<\/div>\n\t\t\t\t<\/div>\n\t\t\t\t\t<\/div>\n\t\t\t\t<\/div>\n\t\t<div class=\"elementor-element elementor-element-2c73fe3e e-flex e-con-boxed e-con e-parent\" data-id=\"2c73fe3e\" data-element_type=\"container\" data-settings=\"{&quot;background_background&quot;:&quot;gradient&quot;}\">\n\t\t\t\t\t<div class=\"e-con-inner\">\n\t\t<div class=\"elementor-element elementor-element-2d43f668 e-flex e-con-boxed e-con e-child\" data-id=\"2d43f668\" data-element_type=\"container\">\n\t\t\t\t\t<div class=\"e-con-inner\">\n\t\t\t\t<div class=\"elementor-element elementor-element-4ecf6e1d elementor-widget__width-initial elementor-widget elementor-widget-counter\" data-id=\"4ecf6e1d\" data-element_type=\"widget\" data-widget_type=\"counter.default\">\n\t\t\t\t<div class=\"elementor-widget-container\">\n\t\t\t\t\t\t\t<div class=\"elementor-counter\">\n\t\t\t<div class=\"elementor-counter-title\">Proyectos terminados<\/div>\t\t\t<div class=\"elementor-counter-number-wrapper\">\n\t\t\t\t<span class=\"elementor-counter-number-prefix\"><\/span>\n\t\t\t\t<span class=\"elementor-counter-number\" data-duration=\"2000\" data-to-value=\"56\" data-from-value=\"0\" data-delimiter=\",\">0<\/span>\n\t\t\t\t<span class=\"elementor-counter-number-suffix\">K+<\/span>\n\t\t\t<\/div>\n\t\t<\/div>\n\t\t\t\t\t\t<\/div>\n\t\t\t\t<\/div>\n\t\t\t\t<div class=\"elementor-element elementor-element-4b3f4884 elementor-widget__width-initial elementor-widget elementor-widget-counter\" data-id=\"4b3f4884\" data-element_type=\"widget\" data-widget_type=\"counter.default\">\n\t\t\t\t<div class=\"elementor-widget-container\">\n\t\t\t\t\t\t\t<div class=\"elementor-counter\">\n\t\t\t<div class=\"elementor-counter-title\">Clientes felices<\/div>\t\t\t<div class=\"elementor-counter-number-wrapper\">\n\t\t\t\t<span class=\"elementor-counter-number-prefix\"><\/span>\n\t\t\t\t<span class=\"elementor-counter-number\" data-duration=\"2000\" data-to-value=\"38\" data-from-value=\"0\" data-delimiter=\",\">0<\/span>\n\t\t\t\t<span class=\"elementor-counter-number-suffix\">K+<\/span>\n\t\t\t<\/div>\n\t\t<\/div>\n\t\t\t\t\t\t<\/div>\n\t\t\t\t<\/div>\n\t\t\t\t<div class=\"elementor-element elementor-element-3f6e15d4 elementor-widget__width-initial elementor-widget elementor-widget-counter\" data-id=\"3f6e15d4\" data-element_type=\"widget\" data-widget_type=\"counter.default\">\n\t\t\t\t<div class=\"elementor-widget-container\">\n\t\t\t\t\t\t\t<div class=\"elementor-counter\">\n\t\t\t<div class=\"elementor-counter-title\">Calificaciones de nuestros clientes<\/div>\t\t\t<div class=\"elementor-counter-number-wrapper\">\n\t\t\t\t<span class=\"elementor-counter-number-prefix\"><\/span>\n\t\t\t\t<span class=\"elementor-counter-number\" data-duration=\"2000\" data-to-value=\"4.7\" data-from-value=\"0\" data-delimiter=\",\">0<\/span>\n\t\t\t\t<span class=\"elementor-counter-number-suffix\"><\/span>\n\t\t\t<\/div>\n\t\t<\/div>\n\t\t\t\t\t\t<\/div>\n\t\t\t\t<\/div>\n\t\t\t\t<div class=\"elementor-element elementor-element-706da818 elementor-widget__width-initial elementor-widget elementor-widget-counter\" data-id=\"706da818\" data-element_type=\"widget\" data-widget_type=\"counter.default\">\n\t\t\t\t<div class=\"elementor-widget-container\">\n\t\t\t\t\t\t\t<div class=\"elementor-counter\">\n\t\t\t<div class=\"elementor-counter-title\">L\u00edneas de c\u00f3digo<\/div>\t\t\t<div class=\"elementor-counter-number-wrapper\">\n\t\t\t\t<span class=\"elementor-counter-number-prefix\"><\/span>\n\t\t\t\t<span class=\"elementor-counter-number\" data-duration=\"2000\" data-to-value=\"93477423047092\" data-from-value=\"0\" data-delimiter=\",\">0<\/span>\n\t\t\t\t<span class=\"elementor-counter-number-suffix\">+<\/span>\n\t\t\t<\/div>\n\t\t<\/div>\n\t\t\t\t\t\t<\/div>\n\t\t\t\t<\/div>\n\t\t\t\t\t<\/div>\n\t\t\t\t<\/div>\n\t\t\t\t\t<\/div>\n\t\t\t\t<\/div>\n\t\t\t\t<\/div>\n\t\t","protected":false},"excerpt":{"rendered":"<p>Servicios en la nube y soluciones SaaS Optimice las operaciones de su empresa con tecnolog\u00eda en la nube y plataformas SaaS integrales Computaci\u00f3n en la nube y virtualizaci\u00f3n Nos especializamos en brindar servicios en la nube de primer nivel que impulsan la eficiencia y la escalabilidad. Nuestras soluciones en la nube permiten a las empresas [&hellip;]<\/p>\n","protected":false},"author":1,"featured_media":0,"parent":291,"menu_order":0,"comment_status":"closed","ping_status":"closed","template":"","meta":{"footnotes":""},"class_list":["post-438","page","type-page","status-publish","hentry"],"_links":{"self":[{"href":"https:\/\/agenciaquimera.co\/es\/wp-json\/wp\/v2\/pages\/438","targetHints":{"allow":["GET"]}}],"collection":[{"href":"https:\/\/agenciaquimera.co\/es\/wp-json\/wp\/v2\/pages"}],"about":[{"href":"https:\/\/agenciaquimera.co\/es\/wp-json\/wp\/v2\/types\/page"}],"author":[{"embeddable":true,"href":"https:\/\/agenciaquimera.co\/es\/wp-json\/wp\/v2\/users\/1"}],"replies":[{"embeddable":true,"href":"https:\/\/agenciaquimera.co\/es\/wp-json\/wp\/v2\/comments?post=438"}],"version-history":[{"count":8,"href":"https:\/\/agenciaquimera.co\/es\/wp-json\/wp\/v2\/pages\/438\/revisions"}],"predecessor-version":[{"id":732,"href":"https:\/\/agenciaquimera.co\/es\/wp-json\/wp\/v2\/pages\/438\/revisions\/732"}],"up":[{"embeddable":true,"href":"https:\/\/agenciaquimera.co\/es\/wp-json\/wp\/v2\/pages\/291"}],"wp:attachment":[{"href":"https:\/\/agenciaquimera.co\/es\/wp-json\/wp\/v2\/media?parent=438"}],"curies":[{"name":"wp","href":"https:\/\/api.w.org\/{rel}","templated":true}]}}