{"id":439,"date":"2024-03-24T02:15:04","date_gmt":"2024-03-24T02:15:04","guid":{"rendered":"https:\/\/agenciaquimera.co\/servicios\/software-a-medida\/"},"modified":"2024-05-08T06:08:35","modified_gmt":"2024-05-08T06:08:35","slug":"software-a-medida","status":"publish","type":"page","link":"https:\/\/agenciaquimera.co\/es\/servicios\/software-a-medida\/","title":{"rendered":"Software a medida"},"content":{"rendered":"\t\t<div data-elementor-type=\"wp-page\" data-elementor-id=\"439\" class=\"elementor elementor-439 elementor-305\" data-elementor-post-type=\"page\">\n\t\t\t\t<div class=\"elementor-element elementor-element-7dc48e9d e-flex e-con-boxed e-con e-parent\" data-id=\"7dc48e9d\" data-element_type=\"container\" data-settings=\"{&quot;background_background&quot;:&quot;classic&quot;}\">\n\t\t\t\t\t<div class=\"e-con-inner\">\n\t\t<div class=\"elementor-element elementor-element-674bb1e9 e-flex e-con-boxed e-con e-child\" data-id=\"674bb1e9\" data-element_type=\"container\" data-settings=\"{&quot;background_background&quot;:&quot;classic&quot;}\">\n\t\t\t\t\t<div class=\"e-con-inner\">\n\t\t\t\t<div class=\"elementor-element elementor-element-4edd14d9 elementor-invisible elementor-widget elementor-widget-heading\" data-id=\"4edd14d9\" data-element_type=\"widget\" data-settings=\"{&quot;_animation&quot;:&quot;fadeInDown&quot;,&quot;_animation_delay&quot;:200}\" data-widget_type=\"heading.default\">\n\t\t\t\t<div class=\"elementor-widget-container\">\n\t\t\t\t\t<h1 class=\"elementor-heading-title elementor-size-default\">Software a medida<\/h1>\t\t\t\t<\/div>\n\t\t\t\t<\/div>\n\t\t\t\t<div class=\"elementor-element elementor-element-2b127f73 elementor-invisible elementor-widget elementor-widget-heading\" data-id=\"2b127f73\" data-element_type=\"widget\" data-settings=\"{&quot;_animation&quot;:&quot;fadeInUp&quot;,&quot;_animation_delay&quot;:300}\" data-widget_type=\"heading.default\">\n\t\t\t\t<div class=\"elementor-widget-container\">\n\t\t\t\t\t<h4 class=\"elementor-heading-title elementor-size-default\">Un equipo dedicado de mentes creativas.\n<\/h4>\t\t\t\t<\/div>\n\t\t\t\t<\/div>\n\t\t\t\t\t<\/div>\n\t\t\t\t<\/div>\n\t\t\t\t\t<\/div>\n\t\t\t\t<\/div>\n\t\t<div class=\"elementor-element elementor-element-34895b69 e-flex e-con-boxed e-con e-parent\" data-id=\"34895b69\" data-element_type=\"container\">\n\t\t\t\t\t<div class=\"e-con-inner\">\n\t\t<div class=\"elementor-element elementor-element-7ede4f6b e-flex e-con-boxed elementor-invisible e-con e-child\" data-id=\"7ede4f6b\" data-element_type=\"container\" data-settings=\"{&quot;animation&quot;:&quot;fadeInUp&quot;}\">\n\t\t\t\t\t<div class=\"e-con-inner\">\n\t\t\t\t<div class=\"elementor-element elementor-element-47961dbf elementor-widget__width-initial elementor-widget-mobile__width-inherit elementor-widget elementor-widget-heading\" data-id=\"47961dbf\" data-element_type=\"widget\" data-widget_type=\"heading.default\">\n\t\t\t\t<div class=\"elementor-widget-container\">\n\t\t\t\t\t<h2 class=\"elementor-heading-title elementor-size-default\">Tecnolog\u00edas y herramientas\n<\/h2>\t\t\t\t<\/div>\n\t\t\t\t<\/div>\n\t\t\t\t<div class=\"elementor-element elementor-element-68be8e6d elementor-widget__width-initial elementor-widget-mobile__width-inherit elementor-widget elementor-widget-heading\" data-id=\"68be8e6d\" data-element_type=\"widget\" data-widget_type=\"heading.default\">\n\t\t\t\t<div class=\"elementor-widget-container\">\n\t\t\t\t\t<div class=\"elementor-heading-title elementor-size-default\">Estamos comprometidos con la excelencia t\u00e9cnica y la innovaci\u00f3n continua.<\/div>\t\t\t\t<\/div>\n\t\t\t\t<\/div>\n\t\t\t\t\t<\/div>\n\t\t\t\t<\/div>\n\t\t<div class=\"elementor-element elementor-element-f8bb79d e-flex e-con-boxed elementor-invisible e-con e-child\" data-id=\"f8bb79d\" data-element_type=\"container\" data-settings=\"{&quot;animation&quot;:&quot;fadeIn&quot;,&quot;animation_delay&quot;:200}\">\n\t\t\t\t\t<div class=\"e-con-inner\">\n\t\t<div class=\"elementor-element elementor-element-51d13421 e-con-full e-flex e-con e-child\" data-id=\"51d13421\" data-element_type=\"container\" data-settings=\"{&quot;background_background&quot;:&quot;gradient&quot;}\">\n\t\t\t\t<div class=\"elementor-element elementor-element-7bcd7fd2 elementor-widget elementor-widget-image\" data-id=\"7bcd7fd2\" data-element_type=\"widget\" data-widget_type=\"image.default\">\n\t\t\t\t<div class=\"elementor-widget-container\">\n\t\t\t\t\t\t\t\t\t\t\t\t\t\t\t<img fetchpriority=\"high\" decoding=\"async\" width=\"378\" height=\"378\" src=\"https:\/\/agenciaquimera.co\/wp-content\/uploads\/2024\/05\/react-logo.jpg\" class=\"attachment-full size-full wp-image-622\" alt=\"\" srcset=\"https:\/\/agenciaquimera.co\/wp-content\/uploads\/2024\/05\/react-logo.jpg 378w, https:\/\/agenciaquimera.co\/wp-content\/uploads\/2024\/05\/react-logo-300x300.jpg 300w, https:\/\/agenciaquimera.co\/wp-content\/uploads\/2024\/05\/react-logo-150x150.jpg 150w\" sizes=\"(max-width: 378px) 100vw, 378px\" \/>\t\t\t\t\t\t\t\t\t\t\t\t\t\t\t<\/div>\n\t\t\t\t<\/div>\n\t\t\t\t<\/div>\n\t\t<div class=\"elementor-element elementor-element-4e45e2ee e-con-full e-flex e-con e-child\" data-id=\"4e45e2ee\" data-element_type=\"container\" data-settings=\"{&quot;background_background&quot;:&quot;gradient&quot;}\">\n\t\t\t\t<div class=\"elementor-element elementor-element-67364609 elementor-widget elementor-widget-image\" data-id=\"67364609\" data-element_type=\"widget\" data-widget_type=\"image.default\">\n\t\t\t\t<div class=\"elementor-widget-container\">\n\t\t\t\t\t\t\t\t\t\t\t\t\t\t\t<img decoding=\"async\" width=\"378\" height=\"378\" src=\"https:\/\/agenciaquimera.co\/wp-content\/uploads\/2024\/05\/angular-logo.jpg\" class=\"attachment-full size-full wp-image-624\" alt=\"\" srcset=\"https:\/\/agenciaquimera.co\/wp-content\/uploads\/2024\/05\/angular-logo.jpg 378w, https:\/\/agenciaquimera.co\/wp-content\/uploads\/2024\/05\/angular-logo-300x300.jpg 300w, https:\/\/agenciaquimera.co\/wp-content\/uploads\/2024\/05\/angular-logo-150x150.jpg 150w\" sizes=\"(max-width: 378px) 100vw, 378px\" \/>\t\t\t\t\t\t\t\t\t\t\t\t\t\t\t<\/div>\n\t\t\t\t<\/div>\n\t\t\t\t<\/div>\n\t\t<div class=\"elementor-element elementor-element-6467105a e-con-full e-flex e-con e-child\" data-id=\"6467105a\" data-element_type=\"container\" data-settings=\"{&quot;background_background&quot;:&quot;gradient&quot;}\">\n\t\t\t\t<div class=\"elementor-element elementor-element-44984b82 elementor-widget elementor-widget-image\" data-id=\"44984b82\" data-element_type=\"widget\" data-widget_type=\"image.default\">\n\t\t\t\t<div class=\"elementor-widget-container\">\n\t\t\t\t\t\t\t\t\t\t\t\t\t\t\t<img decoding=\"async\" width=\"378\" height=\"378\" src=\"https:\/\/agenciaquimera.co\/wp-content\/uploads\/2024\/05\/wp-logo.jpg\" class=\"attachment-full size-full wp-image-629\" alt=\"\" srcset=\"https:\/\/agenciaquimera.co\/wp-content\/uploads\/2024\/05\/wp-logo.jpg 378w, https:\/\/agenciaquimera.co\/wp-content\/uploads\/2024\/05\/wp-logo-300x300.jpg 300w, https:\/\/agenciaquimera.co\/wp-content\/uploads\/2024\/05\/wp-logo-150x150.jpg 150w\" sizes=\"(max-width: 378px) 100vw, 378px\" \/>\t\t\t\t\t\t\t\t\t\t\t\t\t\t\t<\/div>\n\t\t\t\t<\/div>\n\t\t\t\t<\/div>\n\t\t<div class=\"elementor-element elementor-element-5f973d9a e-con-full e-flex e-con e-child\" data-id=\"5f973d9a\" data-element_type=\"container\" data-settings=\"{&quot;background_background&quot;:&quot;gradient&quot;}\">\n\t\t\t\t<div class=\"elementor-element elementor-element-57df7bfa elementor-widget elementor-widget-image\" data-id=\"57df7bfa\" data-element_type=\"widget\" data-widget_type=\"image.default\">\n\t\t\t\t<div class=\"elementor-widget-container\">\n\t\t\t\t\t\t\t\t\t\t\t\t\t\t\t<img loading=\"lazy\" decoding=\"async\" width=\"378\" height=\"378\" src=\"https:\/\/agenciaquimera.co\/wp-content\/uploads\/2024\/05\/logo-js.jpg\" class=\"attachment-full size-full wp-image-634\" alt=\"\" srcset=\"https:\/\/agenciaquimera.co\/wp-content\/uploads\/2024\/05\/logo-js.jpg 378w, https:\/\/agenciaquimera.co\/wp-content\/uploads\/2024\/05\/logo-js-300x300.jpg 300w, https:\/\/agenciaquimera.co\/wp-content\/uploads\/2024\/05\/logo-js-150x150.jpg 150w\" sizes=\"(max-width: 378px) 100vw, 378px\" \/>\t\t\t\t\t\t\t\t\t\t\t\t\t\t\t<\/div>\n\t\t\t\t<\/div>\n\t\t\t\t<\/div>\n\t\t<div class=\"elementor-element elementor-element-5f412798 e-con-full e-flex e-con e-child\" data-id=\"5f412798\" data-element_type=\"container\" data-settings=\"{&quot;background_background&quot;:&quot;gradient&quot;}\">\n\t\t\t\t<div class=\"elementor-element elementor-element-6cbbd792 elementor-widget elementor-widget-image\" data-id=\"6cbbd792\" data-element_type=\"widget\" data-widget_type=\"image.default\">\n\t\t\t\t<div class=\"elementor-widget-container\">\n\t\t\t\t\t\t\t\t\t\t\t\t\t\t\t<img loading=\"lazy\" decoding=\"async\" width=\"378\" height=\"378\" src=\"https:\/\/agenciaquimera.co\/wp-content\/uploads\/2024\/05\/php-logo.jpg\" class=\"attachment-full size-full wp-image-639\" alt=\"\" srcset=\"https:\/\/agenciaquimera.co\/wp-content\/uploads\/2024\/05\/php-logo.jpg 378w, https:\/\/agenciaquimera.co\/wp-content\/uploads\/2024\/05\/php-logo-300x300.jpg 300w, https:\/\/agenciaquimera.co\/wp-content\/uploads\/2024\/05\/php-logo-150x150.jpg 150w\" sizes=\"(max-width: 378px) 100vw, 378px\" \/>\t\t\t\t\t\t\t\t\t\t\t\t\t\t\t<\/div>\n\t\t\t\t<\/div>\n\t\t\t\t<\/div>\n\t\t<div class=\"elementor-element elementor-element-798365ab e-con-full e-flex e-con e-child\" data-id=\"798365ab\" data-element_type=\"container\" data-settings=\"{&quot;background_background&quot;:&quot;gradient&quot;}\">\n\t\t\t\t<div class=\"elementor-element elementor-element-70de19f9 elementor-widget elementor-widget-image\" data-id=\"70de19f9\" data-element_type=\"widget\" data-widget_type=\"image.default\">\n\t\t\t\t<div class=\"elementor-widget-container\">\n\t\t\t\t\t\t\t\t\t\t\t\t\t\t\t<img loading=\"lazy\" decoding=\"async\" width=\"378\" height=\"378\" src=\"https:\/\/agenciaquimera.co\/wp-content\/uploads\/2024\/05\/python-logo.jpg\" class=\"attachment-full size-full wp-image-644\" alt=\"\" srcset=\"https:\/\/agenciaquimera.co\/wp-content\/uploads\/2024\/05\/python-logo.jpg 378w, https:\/\/agenciaquimera.co\/wp-content\/uploads\/2024\/05\/python-logo-300x300.jpg 300w, https:\/\/agenciaquimera.co\/wp-content\/uploads\/2024\/05\/python-logo-150x150.jpg 150w\" sizes=\"(max-width: 378px) 100vw, 378px\" \/>\t\t\t\t\t\t\t\t\t\t\t\t\t\t\t<\/div>\n\t\t\t\t<\/div>\n\t\t\t\t<\/div>\n\t\t<div class=\"elementor-element elementor-element-72a94ca1 e-con-full e-flex e-con e-child\" data-id=\"72a94ca1\" data-element_type=\"container\" data-settings=\"{&quot;background_background&quot;:&quot;gradient&quot;}\">\n\t\t\t\t<div class=\"elementor-element elementor-element-4a8b010f elementor-widget elementor-widget-image\" data-id=\"4a8b010f\" data-element_type=\"widget\" data-widget_type=\"image.default\">\n\t\t\t\t<div class=\"elementor-widget-container\">\n\t\t\t\t\t\t\t\t\t\t\t\t\t\t\t<img loading=\"lazy\" decoding=\"async\" width=\"378\" height=\"378\" src=\"https:\/\/agenciaquimera.co\/wp-content\/uploads\/2024\/05\/html-css-logo.jpg\" class=\"attachment-full size-full wp-image-649\" alt=\"\" srcset=\"https:\/\/agenciaquimera.co\/wp-content\/uploads\/2024\/05\/html-css-logo.jpg 378w, https:\/\/agenciaquimera.co\/wp-content\/uploads\/2024\/05\/html-css-logo-300x300.jpg 300w, https:\/\/agenciaquimera.co\/wp-content\/uploads\/2024\/05\/html-css-logo-150x150.jpg 150w\" sizes=\"(max-width: 378px) 100vw, 378px\" \/>\t\t\t\t\t\t\t\t\t\t\t\t\t\t\t<\/div>\n\t\t\t\t<\/div>\n\t\t\t\t<\/div>\n\t\t<div class=\"elementor-element elementor-element-31d4ed4c e-con-full e-flex e-con e-child\" data-id=\"31d4ed4c\" data-element_type=\"container\" data-settings=\"{&quot;background_background&quot;:&quot;gradient&quot;}\">\n\t\t\t\t<div class=\"elementor-element elementor-element-6fe02380 elementor-widget elementor-widget-image\" data-id=\"6fe02380\" data-element_type=\"widget\" data-widget_type=\"image.default\">\n\t\t\t\t<div class=\"elementor-widget-container\">\n\t\t\t\t\t\t\t\t\t\t\t\t\t\t\t<img loading=\"lazy\" decoding=\"async\" width=\"378\" height=\"378\" src=\"https:\/\/agenciaquimera.co\/wp-content\/uploads\/2024\/05\/openai-logo.jpg\" class=\"attachment-full size-full wp-image-654\" alt=\"\" srcset=\"https:\/\/agenciaquimera.co\/wp-content\/uploads\/2024\/05\/openai-logo.jpg 378w, https:\/\/agenciaquimera.co\/wp-content\/uploads\/2024\/05\/openai-logo-300x300.jpg 300w, https:\/\/agenciaquimera.co\/wp-content\/uploads\/2024\/05\/openai-logo-150x150.jpg 150w\" sizes=\"(max-width: 378px) 100vw, 378px\" \/>\t\t\t\t\t\t\t\t\t\t\t\t\t\t\t<\/div>\n\t\t\t\t<\/div>\n\t\t\t\t<\/div>\n\t\t\t\t\t<\/div>\n\t\t\t\t<\/div>\n\t\t\t\t<div class=\"elementor-element elementor-element-acac7e6 elementor-widget elementor-widget-heading\" data-id=\"acac7e6\" data-element_type=\"widget\" data-widget_type=\"heading.default\">\n\t\t\t\t<div class=\"elementor-widget-container\">\n\t\t\t\t\t<p class=\"elementor-heading-title elementor-size-default\">Estas tecnolog\u00edas son parte de nuestro compromiso de ofrecer soluciones de software personalizadas que no solo sean funcionales sino tambi\u00e9n innovadoras, garantizando que nuestros clientes est\u00e9n preparados para el futuro.\n\n\n\n\n\n\n<\/p>\t\t\t\t<\/div>\n\t\t\t\t<\/div>\n\t\t\t\t\t<\/div>\n\t\t\t\t<\/div>\n\t\t<div class=\"elementor-element elementor-element-58c8e644 e-con-full e-flex e-con e-parent\" data-id=\"58c8e644\" data-element_type=\"container\" data-settings=\"{&quot;background_background&quot;:&quot;classic&quot;}\">\n\t\t<div class=\"elementor-element elementor-element-57dd0a52 e-con-full e-flex elementor-invisible e-con e-child\" data-id=\"57dd0a52\" data-element_type=\"container\" data-settings=\"{&quot;animation&quot;:&quot;fadeInLeft&quot;}\">\n\t\t\t\t<div class=\"elementor-element elementor-element-4ffbfa16 elementor-widget elementor-widget-heading\" data-id=\"4ffbfa16\" data-element_type=\"widget\" data-widget_type=\"heading.default\">\n\t\t\t\t<div class=\"elementor-widget-container\">\n\t\t\t\t\t<h6 class=\"elementor-heading-title elementor-size-default\">Potenciando su negocio con tecnolog\u00edas avanzadas\n\n<\/h6>\t\t\t\t<\/div>\n\t\t\t\t<\/div>\n\t\t\t\t<div class=\"elementor-element elementor-element-33da8d2a elementor-widget elementor-widget-heading\" data-id=\"33da8d2a\" data-element_type=\"widget\" data-widget_type=\"heading.default\">\n\t\t\t\t<div class=\"elementor-widget-container\">\n\t\t\t\t\t<h2 class=\"elementor-heading-title elementor-size-default\">Tecnolog\u00eda de vanguardia para soluciones a su medida\n<\/h2>\t\t\t\t<\/div>\n\t\t\t\t<\/div>\n\t\t\t\t<div class=\"elementor-element elementor-element-48bd628b elementor-widget elementor-widget-text-editor\" data-id=\"48bd628b\" data-element_type=\"widget\" data-widget_type=\"text-editor.default\">\n\t\t\t\t<div class=\"elementor-widget-container\">\n\t\t\t\t\t\t\t\t\t<p>Nuestro enfoque combina lo \u00faltimo en lenguajes de programaci\u00f3n, marcos de desarrollo, metodolog\u00edas y servicios en la nube para ofrecer sistemas robustos, escalables y eficientes. Desde aplicaciones web din\u00e1micas hasta soluciones empresariales complejas, nuestra experiencia garantiza que su proyecto tenga una base s\u00f3lida de tecnolog\u00edas probadas y estables.<\/p>\n\t\t\t\t\t\t\t\t<\/div>\n\t\t\t\t<\/div>\n\t\t\t\t<div class=\"elementor-element elementor-element-1cae6630 elementor-widget elementor-widget-elementskit-progressbar\" data-id=\"1cae6630\" data-element_type=\"widget\" data-widget_type=\"elementskit-progressbar.default\">\n\t\t\t\t<div class=\"elementor-widget-container\">\n\t\t\t\t\t<div class=\"ekit-wid-con\" >        <div class=\"waypoint-tigger\">\n            <div class=\"skillbar-group \" data-progress-bar=\"\">\n                <div class=\"single-skill-bar\">\n                                            <div class=\"skill-bar-content\">\n                            <span class=\"skill-title\">Lenguajes de programaci\u00f3n<\/span>\n                        <\/div><!-- .skill-bar-content END -->\n                        <div class=\"skill-bar\">\n                            <div class=\"skill-track\">\n                                \n                                <div class=\"number-percentage-wraper\">\n                                    <span class=\"number-percentage\" data-value=\"100\" data-animation-duration=\"3500\">0<\/span>%\n\n                                                                    <\/div>\n                            <\/div>\n                        <\/div><!-- .skill-bar END -->\n                                    <\/div><!-- .single-skill-bar END -->\n            <\/div><!-- .skillbar-group END -->\n        <\/div>\n        <\/div>\t\t\t\t<\/div>\n\t\t\t\t<\/div>\n\t\t\t\t<div class=\"elementor-element elementor-element-1b006a07 elementor-widget elementor-widget-elementskit-progressbar\" data-id=\"1b006a07\" data-element_type=\"widget\" data-widget_type=\"elementskit-progressbar.default\">\n\t\t\t\t<div class=\"elementor-widget-container\">\n\t\t\t\t\t<div class=\"ekit-wid-con\" >        <div class=\"waypoint-tigger\">\n            <div class=\"skillbar-group \" data-progress-bar=\"\">\n                <div class=\"single-skill-bar\">\n                                            <div class=\"skill-bar-content\">\n                            <span class=\"skill-title\">Librer\u00edas y frameworks<\/span>\n                        <\/div><!-- .skill-bar-content END -->\n                        <div class=\"skill-bar\">\n                            <div class=\"skill-track\">\n                                \n                                <div class=\"number-percentage-wraper\">\n                                    <span class=\"number-percentage\" data-value=\"100\" data-animation-duration=\"3500\">0<\/span>%\n\n                                                                    <\/div>\n                            <\/div>\n                        <\/div><!-- .skill-bar END -->\n                                    <\/div><!-- .single-skill-bar END -->\n            <\/div><!-- .skillbar-group END -->\n        <\/div>\n        <\/div>\t\t\t\t<\/div>\n\t\t\t\t<\/div>\n\t\t\t\t<div class=\"elementor-element elementor-element-5d3df5be elementor-widget elementor-widget-elementskit-progressbar\" data-id=\"5d3df5be\" data-element_type=\"widget\" data-widget_type=\"elementskit-progressbar.default\">\n\t\t\t\t<div class=\"elementor-widget-container\">\n\t\t\t\t\t<div class=\"ekit-wid-con\" >        <div class=\"waypoint-tigger\">\n            <div class=\"skillbar-group \" data-progress-bar=\"\">\n                <div class=\"single-skill-bar\">\n                                            <div class=\"skill-bar-content\">\n                            <span class=\"skill-title\">Administraci\u00f3n de bases de datos<\/span>\n                        <\/div><!-- .skill-bar-content END -->\n                        <div class=\"skill-bar\">\n                            <div class=\"skill-track\">\n                                \n                                <div class=\"number-percentage-wraper\">\n                                    <span class=\"number-percentage\" data-value=\"100\" data-animation-duration=\"3500\">0<\/span>%\n\n                                                                    <\/div>\n                            <\/div>\n                        <\/div><!-- .skill-bar END -->\n                                    <\/div><!-- .single-skill-bar END -->\n            <\/div><!-- .skillbar-group END -->\n        <\/div>\n        <\/div>\t\t\t\t<\/div>\n\t\t\t\t<\/div>\n\t\t\t\t<div class=\"elementor-element elementor-element-3c1c02c0 elementor-widget elementor-widget-elementskit-progressbar\" data-id=\"3c1c02c0\" data-element_type=\"widget\" data-widget_type=\"elementskit-progressbar.default\">\n\t\t\t\t<div class=\"elementor-widget-container\">\n\t\t\t\t\t<div class=\"ekit-wid-con\" >        <div class=\"waypoint-tigger\">\n            <div class=\"skillbar-group \" data-progress-bar=\"\">\n                <div class=\"single-skill-bar\">\n                                            <div class=\"skill-bar-content\">\n                            <span class=\"skill-title\">Servicios en la Nube<\/span>\n                        <\/div><!-- .skill-bar-content END -->\n                        <div class=\"skill-bar\">\n                            <div class=\"skill-track\">\n                                \n                                <div class=\"number-percentage-wraper\">\n                                    <span class=\"number-percentage\" data-value=\"100\" data-animation-duration=\"3500\">0<\/span>%\n\n                                                                    <\/div>\n                            <\/div>\n                        <\/div><!-- .skill-bar END -->\n                                    <\/div><!-- .single-skill-bar END -->\n            <\/div><!-- .skillbar-group END -->\n        <\/div>\n        <\/div>\t\t\t\t<\/div>\n\t\t\t\t<\/div>\n\t\t\t\t<\/div>\n\t\t\t\t<div class=\"elementor-element elementor-element-63587971 elementor-widget__width-initial elementor-widget-mobile__width-inherit elementor-invisible elementor-widget elementor-widget-image\" data-id=\"63587971\" data-element_type=\"widget\" data-settings=\"{&quot;_animation&quot;:&quot;fadeInLeft&quot;}\" data-widget_type=\"image.default\">\n\t\t\t\t<div class=\"elementor-widget-container\">\n\t\t\t\t\t\t\t\t\t\t\t\t\t\t\t<img loading=\"lazy\" decoding=\"async\" width=\"1000\" height=\"667\" src=\"https:\/\/agenciaquimera.co\/wp-content\/uploads\/2024\/05\/custom-software.jpg\" class=\"attachment-full size-full wp-image-659\" alt=\"\" srcset=\"https:\/\/agenciaquimera.co\/wp-content\/uploads\/2024\/05\/custom-software.jpg 1000w, https:\/\/agenciaquimera.co\/wp-content\/uploads\/2024\/05\/custom-software-300x200.jpg 300w, https:\/\/agenciaquimera.co\/wp-content\/uploads\/2024\/05\/custom-software-768x512.jpg 768w\" sizes=\"(max-width: 1000px) 100vw, 1000px\" \/>\t\t\t\t\t\t\t\t\t\t\t\t\t\t\t<\/div>\n\t\t\t\t<\/div>\n\t\t\t\t<\/div>\n\t\t\t\t<\/div>\n\t\t","protected":false},"excerpt":{"rendered":"<p>Un equipo dedicado de mentes creativas. Tecnolog\u00edas y herramientas Estamos comprometidos con la excelencia t\u00e9cnica y la innovaci\u00f3n continua. Estas tecnolog\u00edas son parte de nuestro compromiso de ofrecer soluciones de software personalizadas que no solo sean funcionales sino tambi\u00e9n innovadoras, garantizando que nuestros clientes est\u00e9n preparados para el futuro. Potenciando su negocio con tecnolog\u00edas avanzadas [&hellip;]<\/p>\n","protected":false},"author":1,"featured_media":0,"parent":291,"menu_order":0,"comment_status":"closed","ping_status":"closed","template":"","meta":{"footnotes":""},"class_list":["post-439","page","type-page","status-publish","hentry"],"_links":{"self":[{"href":"https:\/\/agenciaquimera.co\/es\/wp-json\/wp\/v2\/pages\/439","targetHints":{"allow":["GET"]}}],"collection":[{"href":"https:\/\/agenciaquimera.co\/es\/wp-json\/wp\/v2\/pages"}],"about":[{"href":"https:\/\/agenciaquimera.co\/es\/wp-json\/wp\/v2\/types\/page"}],"author":[{"embeddable":true,"href":"https:\/\/agenciaquimera.co\/es\/wp-json\/wp\/v2\/users\/1"}],"replies":[{"embeddable":true,"href":"https:\/\/agenciaquimera.co\/es\/wp-json\/wp\/v2\/comments?post=439"}],"version-history":[{"count":4,"href":"https:\/\/agenciaquimera.co\/es\/wp-json\/wp\/v2\/pages\/439\/revisions"}],"predecessor-version":[{"id":695,"href":"https:\/\/agenciaquimera.co\/es\/wp-json\/wp\/v2\/pages\/439\/revisions\/695"}],"up":[{"embeddable":true,"href":"https:\/\/agenciaquimera.co\/es\/wp-json\/wp\/v2\/pages\/291"}],"wp:attachment":[{"href":"https:\/\/agenciaquimera.co\/es\/wp-json\/wp\/v2\/media?parent=439"}],"curies":[{"name":"wp","href":"https:\/\/api.w.org\/{rel}","templated":true}]}}