{"id":445,"date":"2024-03-24T02:14:07","date_gmt":"2024-03-24T02:14:07","guid":{"rendered":"https:\/\/agenciaquimera.co\/servicios\/desarrollo-web\/"},"modified":"2024-05-08T05:14:13","modified_gmt":"2024-05-08T05:14:13","slug":"desarrollo-web","status":"publish","type":"page","link":"https:\/\/agenciaquimera.co\/es\/servicios\/desarrollo-web\/","title":{"rendered":"Desarrollo de sitios web"},"content":{"rendered":"\t\t<div data-elementor-type=\"wp-page\" data-elementor-id=\"445\" class=\"elementor elementor-445 elementor-299\" data-elementor-post-type=\"page\">\n\t\t\t\t<div class=\"elementor-element elementor-element-4a9535 e-flex e-con-boxed e-con e-parent\" data-id=\"4a9535\" data-element_type=\"container\" data-settings=\"{&quot;background_background&quot;:&quot;classic&quot;}\">\n\t\t\t\t\t<div class=\"e-con-inner\">\n\t\t<div class=\"elementor-element elementor-element-1c8bd76a e-con-full e-flex e-con e-child\" data-id=\"1c8bd76a\" data-element_type=\"container\" data-settings=\"{&quot;background_background&quot;:&quot;classic&quot;}\">\n\t\t\t\t<div class=\"elementor-element elementor-element-163bec17 elementor-invisible elementor-widget elementor-widget-heading\" data-id=\"163bec17\" data-element_type=\"widget\" data-settings=\"{&quot;_animation&quot;:&quot;fadeInDown&quot;,&quot;_animation_delay&quot;:200}\" data-widget_type=\"heading.default\">\n\t\t\t\t<div class=\"elementor-widget-container\">\n\t\t\t\t\t<h2 class=\"elementor-heading-title elementor-size-default\">Soluciones dise\u00f1adas para dar respuesta a todas sus necesidades<\/h2>\t\t\t\t<\/div>\n\t\t\t\t<\/div>\n\t\t\t\t<div class=\"elementor-element elementor-element-4c37ccc7 elementor-invisible elementor-widget elementor-widget-heading\" data-id=\"4c37ccc7\" data-element_type=\"widget\" data-settings=\"{&quot;_animation&quot;:&quot;fadeInUp&quot;,&quot;_animation_delay&quot;:300}\" data-widget_type=\"heading.default\">\n\t\t\t\t<div class=\"elementor-widget-container\">\n\t\t\t\t\t<div class=\"elementor-heading-title elementor-size-default\">Transformamos sus ideas en una realidad digital. Nuestros servicios est\u00e1n dise\u00f1ados para crear sitios web visualmente atractivos, responsivos y f\u00e1ciles de usar que no solo van a cumplir sino que superar\u00e1n sus objetivos comerciales. Aproveche el poder de las \u00faltimas tecnolog\u00edas con nosotros y eleve su presencia en l\u00ednea.\n\n<\/div>\t\t\t\t<\/div>\n\t\t\t\t<\/div>\n\t\t\t\t<div class=\"elementor-element elementor-element-49e7d0e6 elementor-widget elementor-widget-button\" data-id=\"49e7d0e6\" data-element_type=\"widget\" data-widget_type=\"button.default\">\n\t\t\t\t<div class=\"elementor-widget-container\">\n\t\t\t\t\t\t\t\t\t<div class=\"elementor-button-wrapper\">\n\t\t\t\t\t<a class=\"elementor-button elementor-button-link elementor-size-sm\" href=\"https:\/\/agenciaquimera.co\/es\/contactenos\/\">\n\t\t\t\t\t\t<span class=\"elementor-button-content-wrapper\">\n\t\t\t\t\t\t\t\t\t<span class=\"elementor-button-text\">CONT\u00c1CTENOS<\/span>\n\t\t\t\t\t<\/span>\n\t\t\t\t\t<\/a>\n\t\t\t\t<\/div>\n\t\t\t\t\t\t\t\t<\/div>\n\t\t\t\t<\/div>\n\t\t\t\t<\/div>\n\t\t<div class=\"elementor-element elementor-element-1ff8b84c e-con-full e-flex e-con e-child\" data-id=\"1ff8b84c\" data-element_type=\"container\">\n\t\t\t\t<div class=\"elementor-element elementor-element-484d6e54 elementor-invisible elementor-widget elementor-widget-image\" data-id=\"484d6e54\" data-element_type=\"widget\" data-settings=\"{&quot;_animation&quot;:&quot;fadeInRight&quot;}\" data-widget_type=\"image.default\">\n\t\t\t\t<div class=\"elementor-widget-container\">\n\t\t\t\t\t\t\t\t\t\t\t\t\t\t\t<img fetchpriority=\"high\" decoding=\"async\" width=\"1080\" height=\"1080\" src=\"https:\/\/agenciaquimera.co\/wp-content\/uploads\/2024\/05\/webdev.png\" class=\"attachment-full size-full wp-image-551\" alt=\"\" srcset=\"https:\/\/agenciaquimera.co\/wp-content\/uploads\/2024\/05\/webdev.png 1080w, https:\/\/agenciaquimera.co\/wp-content\/uploads\/2024\/05\/webdev-300x300.png 300w, https:\/\/agenciaquimera.co\/wp-content\/uploads\/2024\/05\/webdev-1024x1024.png 1024w, https:\/\/agenciaquimera.co\/wp-content\/uploads\/2024\/05\/webdev-150x150.png 150w, https:\/\/agenciaquimera.co\/wp-content\/uploads\/2024\/05\/webdev-768x768.png 768w\" sizes=\"(max-width: 1080px) 100vw, 1080px\" \/>\t\t\t\t\t\t\t\t\t\t\t\t\t\t\t<\/div>\n\t\t\t\t<\/div>\n\t\t\t\t<\/div>\n\t\t\t\t\t<\/div>\n\t\t\t\t<\/div>\n\t\t<div class=\"elementor-element elementor-element-72ccadb9 e-flex e-con-boxed e-con e-parent\" data-id=\"72ccadb9\" data-element_type=\"container\">\n\t\t\t\t\t<div class=\"e-con-inner\">\n\t\t<div class=\"elementor-element elementor-element-6a23e9da e-con-full e-flex e-con e-child\" data-id=\"6a23e9da\" data-element_type=\"container\">\n\t\t\t\t<div class=\"elementor-element elementor-element-339279cc elementor-widget elementor-widget-text-editor\" data-id=\"339279cc\" data-element_type=\"widget\" data-widget_type=\"text-editor.default\">\n\t\t\t\t<div class=\"elementor-widget-container\">\n\t\t\t\t\t\t\t\t\t<p>Damos vida a su visi\u00f3n con soluciones web de vanguardia. Nuestro equipo de expertos utiliza tecnolog\u00edas avanzadas y enfoques de dise\u00f1o centrados en el usuario para crear sitios web que no s\u00f3lo sean visualmente impresionantes sino tambi\u00e9n completamente funcionales, escalables y optimizados para los motores de b\u00fasqueda. Desde sitios web corporativos hasta plataformas de comercio electr\u00f3nico y aplicaciones web interactivas, nos aseguramos de que cada proyecto sea \u00fanico y est\u00e9 dise\u00f1ado para satisfacer las necesidades espec\u00edficas de nuestros clientes. Con Agencia Quimera, su presencia online est\u00e1 en manos expertas. Descubra c\u00f3mo podemos ayudarle a destacar en el mundo digital y alcanzar eficazmente sus objetivos comerciales.<\/p>\n\t\t\t\t\t\t\t\t<\/div>\n\t\t\t\t<\/div>\n\t\t<div class=\"elementor-element elementor-element-70e5019a e-flex e-con-boxed e-con e-child\" data-id=\"70e5019a\" data-element_type=\"container\">\n\t\t\t\t\t<div class=\"e-con-inner\">\n\t\t\t\t<div class=\"elementor-element elementor-element-c76d1a4 elementor-widget__width-initial elementor-position-top elementor-widget elementor-widget-image-box\" data-id=\"c76d1a4\" data-element_type=\"widget\" data-widget_type=\"image-box.default\">\n\t\t\t\t<div class=\"elementor-widget-container\">\n\t\t\t\t\t<div class=\"elementor-image-box-wrapper\"><figure class=\"elementor-image-box-img\"><img decoding=\"async\" width=\"800\" height=\"533\" src=\"https:\/\/agenciaquimera.co\/wp-content\/uploads\/2024\/05\/web-hosting-agenciaquimeraco.jpg\" class=\"attachment-full size-full wp-image-555\" alt=\"\" srcset=\"https:\/\/agenciaquimera.co\/wp-content\/uploads\/2024\/05\/web-hosting-agenciaquimeraco.jpg 800w, https:\/\/agenciaquimera.co\/wp-content\/uploads\/2024\/05\/web-hosting-agenciaquimeraco-300x200.jpg 300w, https:\/\/agenciaquimera.co\/wp-content\/uploads\/2024\/05\/web-hosting-agenciaquimeraco-768x512.jpg 768w\" sizes=\"(max-width: 800px) 100vw, 800px\" \/><\/figure><div class=\"elementor-image-box-content\"><h3 class=\"elementor-image-box-title\">Alojamiento web<\/h3><p class=\"elementor-image-box-description\">Alojamiento confiable con velocidades de carga r\u00e1pida, tiempo de actividad excepcional y seguridad s\u00f3lida. Nuestras soluciones de alojamiento escalables admiten sitios web de todos los tama\u00f1os, lo que garantiza un rendimiento \u00f3ptimo y una presencia continua en l\u00ednea.<\/p><\/div><\/div>\t\t\t\t<\/div>\n\t\t\t\t<\/div>\n\t\t\t\t<div class=\"elementor-element elementor-element-a02e49c elementor-widget__width-initial elementor-position-top elementor-widget elementor-widget-image-box\" data-id=\"a02e49c\" data-element_type=\"widget\" data-widget_type=\"image-box.default\">\n\t\t\t\t<div class=\"elementor-widget-container\">\n\t\t\t\t\t<div class=\"elementor-image-box-wrapper\"><figure class=\"elementor-image-box-img\"><img decoding=\"async\" width=\"800\" height=\"533\" src=\"https:\/\/agenciaquimera.co\/wp-content\/uploads\/2024\/05\/web-domain-agenciaquimeraco.jpg\" class=\"attachment-full size-full wp-image-560\" alt=\"\" srcset=\"https:\/\/agenciaquimera.co\/wp-content\/uploads\/2024\/05\/web-domain-agenciaquimeraco.jpg 800w, https:\/\/agenciaquimera.co\/wp-content\/uploads\/2024\/05\/web-domain-agenciaquimeraco-300x200.jpg 300w, https:\/\/agenciaquimera.co\/wp-content\/uploads\/2024\/05\/web-domain-agenciaquimeraco-768x512.jpg 768w\" sizes=\"(max-width: 800px) 100vw, 800px\" \/><\/figure><div class=\"elementor-image-box-content\"><h3 class=\"elementor-image-box-title\">Dominio Web<\/h3><p class=\"elementor-image-box-description\">Asegure y administre su identidad en l\u00ednea con nuestros servicios de dominio. Proporcionamos procesos sencillos de registro, renovaci\u00f3n y transferencia de dominio, garantizando una presencia profesional para su negocio.<\/p><\/div><\/div>\t\t\t\t<\/div>\n\t\t\t\t<\/div>\n\t\t\t\t<div class=\"elementor-element elementor-element-3ef9c34 elementor-widget__width-initial elementor-position-top elementor-widget elementor-widget-image-box\" data-id=\"3ef9c34\" data-element_type=\"widget\" data-widget_type=\"image-box.default\">\n\t\t\t\t<div class=\"elementor-widget-container\">\n\t\t\t\t\t<div class=\"elementor-image-box-wrapper\"><figure class=\"elementor-image-box-img\"><img loading=\"lazy\" decoding=\"async\" width=\"800\" height=\"533\" src=\"https:\/\/agenciaquimera.co\/wp-content\/uploads\/2024\/05\/email-agenciaquimeraco.jpg\" class=\"attachment-full size-full wp-image-565\" alt=\"\" srcset=\"https:\/\/agenciaquimera.co\/wp-content\/uploads\/2024\/05\/email-agenciaquimeraco.jpg 800w, https:\/\/agenciaquimera.co\/wp-content\/uploads\/2024\/05\/email-agenciaquimeraco-300x200.jpg 300w, https:\/\/agenciaquimera.co\/wp-content\/uploads\/2024\/05\/email-agenciaquimeraco-768x512.jpg 768w\" sizes=\"(max-width: 800px) 100vw, 800px\" \/><\/figure><div class=\"elementor-image-box-content\"><h3 class=\"elementor-image-box-title\">Correo electr\u00f3nico corporativo<\/h3><p class=\"elementor-image-box-description\">Impulse la comunicaci\u00f3n de su empresa con nuestros servicios de correo electr\u00f3nico corporativo. Disfrute de seguridad mejorada, integraci\u00f3n perfecta y herramientas de administraci\u00f3n eficientes para comunicaciones profesionales y confiables.<\/p><\/div><\/div>\t\t\t\t<\/div>\n\t\t\t\t<\/div>\n\t\t\t\t<div class=\"elementor-element elementor-element-1690b4b elementor-widget__width-initial elementor-position-top elementor-widget elementor-widget-image-box\" data-id=\"1690b4b\" data-element_type=\"widget\" data-widget_type=\"image-box.default\">\n\t\t\t\t<div class=\"elementor-widget-container\">\n\t\t\t\t\t<div class=\"elementor-image-box-wrapper\"><figure class=\"elementor-image-box-img\"><img loading=\"lazy\" decoding=\"async\" width=\"800\" height=\"533\" src=\"https:\/\/agenciaquimera.co\/wp-content\/uploads\/2024\/05\/seo-agenciaquimeraco.jpg\" class=\"attachment-full size-full wp-image-570\" alt=\"\" srcset=\"https:\/\/agenciaquimera.co\/wp-content\/uploads\/2024\/05\/seo-agenciaquimeraco.jpg 800w, https:\/\/agenciaquimera.co\/wp-content\/uploads\/2024\/05\/seo-agenciaquimeraco-300x200.jpg 300w, https:\/\/agenciaquimera.co\/wp-content\/uploads\/2024\/05\/seo-agenciaquimeraco-768x512.jpg 768w\" sizes=\"(max-width: 800px) 100vw, 800px\" \/><\/figure><div class=\"elementor-image-box-content\"><h3 class=\"elementor-image-box-title\">SEO \/ SEM<\/h3><p class=\"elementor-image-box-description\">Maximize su visibilidad en los motores de busqueda con nuestros servicios SEO\/SEM. Optimizamos su sitio web para los motores de b\u00fasqueda y gestionamos campa\u00f1as publicitarias para aumentar el tr\u00e1fico,mejorar la clasificaci\u00f3n y aumentar las ventas.<\/p><\/div><\/div>\t\t\t\t<\/div>\n\t\t\t\t<\/div>\n\t\t\t\t<div class=\"elementor-element elementor-element-acabf11 elementor-widget__width-initial elementor-position-top elementor-widget elementor-widget-image-box\" data-id=\"acabf11\" data-element_type=\"widget\" data-widget_type=\"image-box.default\">\n\t\t\t\t<div class=\"elementor-widget-container\">\n\t\t\t\t\t<div class=\"elementor-image-box-wrapper\"><figure class=\"elementor-image-box-img\"><img loading=\"lazy\" decoding=\"async\" width=\"800\" height=\"533\" src=\"https:\/\/agenciaquimera.co\/wp-content\/uploads\/2024\/05\/speed-load-agenciaquimeraco.jpg\" class=\"attachment-full size-full wp-image-576\" alt=\"\" srcset=\"https:\/\/agenciaquimera.co\/wp-content\/uploads\/2024\/05\/speed-load-agenciaquimeraco.jpg 800w, https:\/\/agenciaquimera.co\/wp-content\/uploads\/2024\/05\/speed-load-agenciaquimeraco-300x200.jpg 300w, https:\/\/agenciaquimera.co\/wp-content\/uploads\/2024\/05\/speed-load-agenciaquimeraco-768x512.jpg 768w\" sizes=\"(max-width: 800px) 100vw, 800px\" \/><\/figure><div class=\"elementor-image-box-content\"><h3 class=\"elementor-image-box-title\">Carga r\u00e1pida<\/h3><p class=\"elementor-image-box-description\">Mejore el rendimiento de su sitio web con nuestros servicios de optimizaci\u00f3n de velocidad. Nos aseguramos de que su sitio se cargue r\u00e1pidamente, mejorando la experiencia del usuario y mejorando las clasificaciones SEO.<\/p><\/div><\/div>\t\t\t\t<\/div>\n\t\t\t\t<\/div>\n\t\t\t\t<div class=\"elementor-element elementor-element-f63494b elementor-widget__width-initial elementor-position-top elementor-widget elementor-widget-image-box\" data-id=\"f63494b\" data-element_type=\"widget\" data-widget_type=\"image-box.default\">\n\t\t\t\t<div class=\"elementor-widget-container\">\n\t\t\t\t\t<div class=\"elementor-image-box-wrapper\"><figure class=\"elementor-image-box-img\"><img loading=\"lazy\" decoding=\"async\" width=\"800\" height=\"533\" src=\"https:\/\/agenciaquimera.co\/wp-content\/uploads\/2024\/05\/responsive-agenciaquimeraco.png\" class=\"attachment-full size-full wp-image-579\" alt=\"\" srcset=\"https:\/\/agenciaquimera.co\/wp-content\/uploads\/2024\/05\/responsive-agenciaquimeraco.png 800w, https:\/\/agenciaquimera.co\/wp-content\/uploads\/2024\/05\/responsive-agenciaquimeraco-300x200.png 300w, https:\/\/agenciaquimera.co\/wp-content\/uploads\/2024\/05\/responsive-agenciaquimeraco-768x512.png 768w\" sizes=\"(max-width: 800px) 100vw, 800px\" \/><\/figure><div class=\"elementor-image-box-content\"><h3 class=\"elementor-image-box-title\">Dise\u00f1o a medida<\/h3><p class=\"elementor-image-box-description\">Garantice una experiencia de visualizaci\u00f3n perfecta en todos los dispositivos. Nuestros sitios web se adaptan perfectamente a cualquier tama\u00f1o de pantalla, mejorando la participaci\u00f3n y la accesibilidad del usuario.<\/p><\/div><\/div>\t\t\t\t<\/div>\n\t\t\t\t<\/div>\n\t\t\t\t\t<\/div>\n\t\t\t\t<\/div>\n\t\t\t\t<\/div>\n\t\t\t\t\t<\/div>\n\t\t\t\t<\/div>\n\t\t\t\t<\/div>\n\t\t","protected":false},"excerpt":{"rendered":"<p>Soluciones dise\u00f1adas para dar respuesta a todas sus necesidades Transformamos sus ideas en una realidad digital. Nuestros servicios est\u00e1n dise\u00f1ados para crear sitios web visualmente atractivos, responsivos y f\u00e1ciles de usar que no solo van a cumplir sino que superar\u00e1n sus objetivos comerciales. Aproveche el poder de las \u00faltimas tecnolog\u00edas con nosotros y eleve su [&hellip;]<\/p>\n","protected":false},"author":1,"featured_media":0,"parent":291,"menu_order":0,"comment_status":"closed","ping_status":"closed","template":"","meta":{"footnotes":""},"class_list":["post-445","page","type-page","status-publish","hentry"],"_links":{"self":[{"href":"https:\/\/agenciaquimera.co\/es\/wp-json\/wp\/v2\/pages\/445","targetHints":{"allow":["GET"]}}],"collection":[{"href":"https:\/\/agenciaquimera.co\/es\/wp-json\/wp\/v2\/pages"}],"about":[{"href":"https:\/\/agenciaquimera.co\/es\/wp-json\/wp\/v2\/types\/page"}],"author":[{"embeddable":true,"href":"https:\/\/agenciaquimera.co\/es\/wp-json\/wp\/v2\/users\/1"}],"replies":[{"embeddable":true,"href":"https:\/\/agenciaquimera.co\/es\/wp-json\/wp\/v2\/comments?post=445"}],"version-history":[{"count":11,"href":"https:\/\/agenciaquimera.co\/es\/wp-json\/wp\/v2\/pages\/445\/revisions"}],"predecessor-version":[{"id":607,"href":"https:\/\/agenciaquimera.co\/es\/wp-json\/wp\/v2\/pages\/445\/revisions\/607"}],"up":[{"embeddable":true,"href":"https:\/\/agenciaquimera.co\/es\/wp-json\/wp\/v2\/pages\/291"}],"wp:attachment":[{"href":"https:\/\/agenciaquimera.co\/es\/wp-json\/wp\/v2\/media?parent=445"}],"curies":[{"name":"wp","href":"https:\/\/api.w.org\/{rel}","templated":true}]}}